{"id":3298,"date":"2023-06-02T07:48:06","date_gmt":"2023-06-02T05:48:06","guid":{"rendered":"https:\/\/sehlde.info\/content\/?page_id=3298"},"modified":"2025-06-16T10:43:04","modified_gmt":"2025-06-16T08:43:04","slug":"gestaltungsregeln","status":"publish","type":"page","link":"https:\/\/sehlde.info\/content\/gestaltungsregeln\/","title":{"rendered":"Gestaltungsregeln"},"content":{"rendered":"\n<p>Um ein einheitliches und \u00fcbersichtliches Schriftbild sicherstellen zu k\u00f6nnen, sind einige Regeln notwendig. Wenn du f\u00fcr dieses Angebot Texte schreibst, bitte ich dich, diese zu beachten:<\/p>\n\n\n\n<ul class=\"wp-block-list\">\n<li>Datumsangaben\n<ul class=\"wp-block-list\">\n<li>Tag ohne f\u00fchrende Null<\/li>\n\n\n\n<li>Monate ausgeschrieben<\/li>\n\n\n\n<li>Jahr 4-stellig<\/li>\n\n\n\n<li>Bei Zeitr\u00e4umen werden Monat (sofern keine \u00dcberschneidung vorliegt) und Jahr nur im letzten Datum angegeben und &#8222;bis&#8220; ausgeschrieben (z.B. 6. bis 13. Mai 2023; 29. Oktober bis 1. September 2024)<\/li>\n<\/ul>\n<\/li>\n\n\n\n<li>Uhrzeiten\n<ul class=\"wp-block-list\">\n<li>Stunde und Minute mit einem Punkt trennen (7.00 Uhr)<\/li>\n\n\n\n<li>Bei Zeitr\u00e4umen &#8222;Uhr&#8220; nur an die letzte Angabe anh\u00e4ngen (7.00 bis 14.00 Uhr)<br><\/li>\n<\/ul>\n<\/li>\n\n\n\n<li>Keine Abk\u00fcrzungen (Stra\u00dfe statt Str., Beispiel statt Bsp.)<br><\/li>\n\n\n\n<li>Gendern\n<ul class=\"wp-block-list\">\n<li>Grunds\u00e4tzlich werden beide Geschlechter angesprochen<\/li>\n\n\n\n<li>Anreden werden Ausgeschrieben (Teilnehmerinnen und Teilnehmer, NICHT TeilnehmerInnen, *innen,&#8230;)<\/li>\n\n\n\n<li>In nachfolgenden S\u00e4tzen kann auf die Ansprache beider Geschlechter verzichtet werden.<\/li>\n<\/ul>\n<\/li>\n\n\n\n<li>Keine politischen Inhalte\n<ul class=\"wp-block-list\">\n<li>Bitte im Einzelfall mit mit abstimmen.<\/li>\n<\/ul>\n<\/li>\n<\/ul>\n","protected":false},"excerpt":{"rendered":"<p>Um ein einheitliches und \u00fcbersichtliches Schriftbild sicherstellen zu k\u00f6nnen, sind einige Regeln notwendig. Wenn du f\u00fcr dieses Angebot Texte schreibst, bitte ich dich, diese zu beachten:<\/p>\n","protected":false},"author":2,"featured_media":0,"parent":0,"menu_order":0,"comment_status":"closed","ping_status":"closed","template":"","meta":{"footnotes":""},"class_list":["post-3298","page","type-page","status-publish"],"_links":{"self":[{"href":"https:\/\/sehlde.info\/content\/wp-json\/wp\/v2\/pages\/3298","targetHints":{"allow":["GET"]}}],"collection":[{"href":"https:\/\/sehlde.info\/content\/wp-json\/wp\/v2\/pages"}],"about":[{"href":"https:\/\/sehlde.info\/content\/wp-json\/wp\/v2\/types\/page"}],"author":[{"embeddable":true,"href":"https:\/\/sehlde.info\/content\/wp-json\/wp\/v2\/users\/2"}],"replies":[{"embeddable":true,"href":"https:\/\/sehlde.info\/content\/wp-json\/wp\/v2\/comments?post=3298"}],"version-history":[{"count":1,"href":"https:\/\/sehlde.info\/content\/wp-json\/wp\/v2\/pages\/3298\/revisions"}],"predecessor-version":[{"id":3299,"href":"https:\/\/sehlde.info\/content\/wp-json\/wp\/v2\/pages\/3298\/revisions\/3299"}],"wp:attachment":[{"href":"https:\/\/sehlde.info\/content\/wp-json\/wp\/v2\/media?parent=3298"}],"curies":[{"name":"wp","href":"https:\/\/api.w.org\/{rel}","templated":true}]}}