{"id":451,"date":"2016-10-14T10:44:26","date_gmt":"2016-10-14T08:44:26","guid":{"rendered":"http:\/\/sehlde.info\/content\/?page_id=451"},"modified":"2025-06-16T10:43:06","modified_gmt":"2025-06-16T08:43:06","slug":"ueber-sehlde-info","status":"publish","type":"page","link":"https:\/\/sehlde.info\/content\/ueber-sehlde-info\/","title":{"rendered":"\u00dcber sehlde.info"},"content":{"rendered":"<h2>Was ist sehlde.info und welchem Zweck dienst es?<\/h2>\n<p>sehlde.info hat zwei wichtige Aufgaben. Einerseits soll sehlde.info eine <strong>Informationsplattform f\u00fcr B\u00fcrgerinnen und B\u00fcrger von Sehlde<\/strong>\u00a0und andere Interessierte sein. In der Startphase des Projekts wird dazu der Fokus auf Veranstaltungen von Sehler Vereinen, Verb\u00e4nden und Organisationen gelegt. Erw\u00e4hnenswert ist in diesem Bereich vor allem, dass der <a href=\"http:\/\/sehlde.info\/content\/events\/kategorie\/vereinekalender\/\" target=\"_blank\" rel=\"noopener\">Sehlder Vereinekalender<\/a> erstmals im Jahr 2016 auch online einsehbar war. Bisher erfolgte die Ver\u00f6ffentlichung der Termine ausschlie\u00dflich in Form eines Handwurfzettels f\u00fcr alle Sehlder Haushalte.<\/p>\n<p>Die zweite Aufgabe besteht darin, eine Plattform zur Pr\u00e4sentation der Sehlder Vereine und Verb\u00e4nde bereit zu stellen. Auch hier steht zun\u00e4chst der Bereich der Veranstaltungen im Vordergrund. Neben den Eintr\u00e4gen in den Kalender gibt es die M\u00f6glichkeit, eine Veranstaltung eine eigene Seite einzurichten und dort zentral weitergehende Informationen bereit zu stellen. Vor allem Vereine ohne eigene Internetpr\u00e4sens haben damit die M\u00f6glichkeit im digitalen Zeitalter vertreten \u00a0zu sein.<\/p>\n<h2>Welches Ziel gibt es?<\/h2>\n<p>sehlde.info beginnt zun\u00e4chst mit den Informationen rund um die Veranstaltungen in Sehlde. Sp\u00e4ter sollen dann auch Veranstaltungen und Freizeitangebote um Sehlde dazu kommen. Dar\u00fcber hinaus sollen die Voraussetzungen daf\u00fcr geschaffen werden, dass Sehlder Vereine, Verb\u00e4nde und Organisationen eine eigene Rubrik auf sehlde.info gestalten k\u00f6nnen.<\/p>\n<p>Ein weiteres Angebot werden Berichte \u00fcber das Leben in und um Sehlde sein. Wenn Sie Interesse daran haben, solche Berichte zu schreiben und recherchieren, oder einen einzelnen Artikel beisteuern wollen, schreiben Sie mir schnell. Meine Kontaktdaten finden Sie im <a href=\"http:\/\/sehlde.info\/content\/impressum\/\" target=\"_blank\" rel=\"noopener\">Impressum<\/a>.<\/p>\n<p><!-- Start Partnerprogramm ALL-INKL.COM --><br \/>\n<a href=\"https:\/\/all-inkl.com\/?partner=343424\" target=\"_blank\" rel=\"noopener\"><br \/>\n<img decoding=\"async\" src=\"https:\/\/all-inkl.com\/banner\/all-inkl_banner_120x60_logo.gif\" alt=\"ALL-INKL.COM - Webhosting Server Hosting Domain Provider\" border=\"0\" \/><\/a><br \/>\n<!-- Ende Partnerprogramm --><br \/>\n<a href=\"https:\/\/all-inkl.com\/umweltschutz\/\" target=\"_blank\" rel=\"noopener\"><img decoding=\"async\" src=\"https:\/\/all-inkl.com\/banner\/all-inkl_banner_157x54_oekostromv1.png\" alt=\"gehostet mit 100% \u00d6kostrom von all-inkl.com\" border=\"0\" \/><\/a><\/p>\n","protected":false},"excerpt":{"rendered":"<p>Was ist sehlde.info und welchem Zweck dienst es? sehlde.info hat zwei wichtige Aufgaben. Einerseits soll sehlde.info eine Informationsplattform f\u00fcr B\u00fcrgerinnen und B\u00fcrger von Sehlde\u00a0und andere Interessierte sein. In der Startphase &#8230; <a title=\"\u00dcber sehlde.info\" class=\"read-more\" href=\"https:\/\/sehlde.info\/content\/ueber-sehlde-info\/\" aria-label=\"Mehr Informationen \u00fcber \u00dcber sehlde.info\">Weiterlesen<\/a><\/p>\n","protected":false},"author":2,"featured_media":0,"parent":0,"menu_order":0,"comment_status":"closed","ping_status":"closed","template":"","meta":{"footnotes":""},"class_list":["post-451","page","type-page","status-publish"],"_links":{"self":[{"href":"https:\/\/sehlde.info\/content\/wp-json\/wp\/v2\/pages\/451","targetHints":{"allow":["GET"]}}],"collection":[{"href":"https:\/\/sehlde.info\/content\/wp-json\/wp\/v2\/pages"}],"about":[{"href":"https:\/\/sehlde.info\/content\/wp-json\/wp\/v2\/types\/page"}],"author":[{"embeddable":true,"href":"https:\/\/sehlde.info\/content\/wp-json\/wp\/v2\/users\/2"}],"replies":[{"embeddable":true,"href":"https:\/\/sehlde.info\/content\/wp-json\/wp\/v2\/comments?post=451"}],"version-history":[{"count":5,"href":"https:\/\/sehlde.info\/content\/wp-json\/wp\/v2\/pages\/451\/revisions"}],"predecessor-version":[{"id":1431,"href":"https:\/\/sehlde.info\/content\/wp-json\/wp\/v2\/pages\/451\/revisions\/1431"}],"wp:attachment":[{"href":"https:\/\/sehlde.info\/content\/wp-json\/wp\/v2\/media?parent=451"}],"curies":[{"name":"wp","href":"https:\/\/api.w.org\/{rel}","templated":true}]}}